{"id":44,"date":"2020-08-07T19:35:35","date_gmt":"2020-08-07T22:35:35","guid":{"rendered":"http:\/\/faithsystem.com.br\/blog\/?page_id=44"},"modified":"2020-08-12T10:23:00","modified_gmt":"2020-08-12T13:23:00","slug":"blog","status":"publish","type":"page","link":"https:\/\/faithsystem.com.br\/blog\/","title":{"rendered":""},"content":{"rendered":"\n<div class=\"pt-cv-wrapper\"><div class=\"pt-cv-view pt-cv-grid pt-cv-colsys\" id=\"pt-cv-view-bc24a4dabd\"><div data-id=\"pt-cv-page-1\" class=\"pt-cv-page\" data-cvc=\"3\"><div class=\"col-md-4 col-sm-6 col-xs-12 pt-cv-content-item pt-cv-1-col\" ><div class='pt-cv-ifield'><a href=\"https:\/\/faithsystem.com.br\/blog\/a-lenda-do-preco-da-lamparina\/\" class=\"_self pt-cv-href-thumbnail pt-cv-thumb-default\" target=\"_self\" ><img width=\"300\" height=\"150\" src=\"https:\/\/faithsystem.com.br\/blog\/wp-content\/uploads\/2020\/10\/still-life-3140191_1920-300x150.jpg\" class=\"pt-cv-thumbnail\" alt=\"lamparina\" loading=\"lazy\" \/><\/a>\n<h4 class=\"pt-cv-title\"><a href=\"https:\/\/faithsystem.com.br\/blog\/a-lenda-do-preco-da-lamparina\/\" class=\"_self\" target=\"_self\" >A LENDA DO PRE\u00c7O DA LAMPARINA<\/a><\/h4>\n<div class=\"pt-cv-content\">Gulan era um bem sucedido tecel\u00e3o na cidade de Harfad. L\u00e1, fornecia seus tecidos a todas as caravanas que passavam ...<br \/><a href=\"https:\/\/faithsystem.com.br\/blog\/a-lenda-do-preco-da-lamparina\/\" class=\"_self pt-cv-readmore btn btn-success\" target=\"_self\">Leia Mais<\/a><\/div><\/div><\/div>\n<div class=\"col-md-4 col-sm-6 col-xs-12 pt-cv-content-item pt-cv-1-col\" ><div class='pt-cv-ifield'><a href=\"https:\/\/faithsystem.com.br\/blog\/tres-erros-imperdoaveis-em-vendas\/\" class=\"_self pt-cv-href-thumbnail pt-cv-thumb-default\" target=\"_self\" ><img width=\"300\" height=\"150\" src=\"https:\/\/faithsystem.com.br\/blog\/wp-content\/uploads\/2020\/10\/size_960_16_9_erro3-300x150.jpg\" class=\"pt-cv-thumbnail\" alt=\"\" loading=\"lazy\" \/><\/a>\n<h4 class=\"pt-cv-title\"><a href=\"https:\/\/faithsystem.com.br\/blog\/tres-erros-imperdoaveis-em-vendas\/\" class=\"_self\" target=\"_self\" >Tr\u00eas erros imperdo\u00e1veis em vendas<\/a><\/h4>\n<div class=\"pt-cv-content\">Era uma vez um vendedor ordin\u00e1rio que recebeu tr\u00eas conselhos de um velho s\u00e1bio e se transformou no maior vendedor ...<br \/><a href=\"https:\/\/faithsystem.com.br\/blog\/tres-erros-imperdoaveis-em-vendas\/\" class=\"_self pt-cv-readmore btn btn-success\" target=\"_self\">Leia Mais<\/a><\/div><\/div><\/div>\n<div class=\"col-md-4 col-sm-6 col-xs-12 pt-cv-content-item pt-cv-1-col\" ><div class='pt-cv-ifield'><a href=\"https:\/\/faithsystem.com.br\/blog\/cinco-dicas-para-se-manter-motivado\/\" class=\"_self pt-cv-href-thumbnail pt-cv-thumb-default\" target=\"_self\" ><img width=\"300\" height=\"150\" src=\"https:\/\/faithsystem.com.br\/blog\/wp-content\/uploads\/2020\/10\/motivation-300x150.png\" class=\"pt-cv-thumbnail\" alt=\"motivacao\" loading=\"lazy\" \/><\/a>\n<h4 class=\"pt-cv-title\"><a href=\"https:\/\/faithsystem.com.br\/blog\/cinco-dicas-para-se-manter-motivado\/\" class=\"_self\" target=\"_self\" >Cinco dicas para se manter motivado<\/a><\/h4>\n<div class=\"pt-cv-content\">Quando o assunto \u00e9 vendas, a palavra MOTIVA\u00c7\u00c3O parece vir logo em seguida. A rotina desgastante de um profissional de ...<br \/><a href=\"https:\/\/faithsystem.com.br\/blog\/cinco-dicas-para-se-manter-motivado\/\" class=\"_self pt-cv-readmore btn btn-success\" target=\"_self\">Leia Mais<\/a><\/div><\/div><\/div>\n<div class=\"col-md-4 col-sm-6 col-xs-12 pt-cv-content-item pt-cv-1-col\" ><div class='pt-cv-ifield'><a href=\"https:\/\/faithsystem.com.br\/blog\/incentivar-seu-time-a-vender-mais\/\" class=\"_self pt-cv-href-thumbnail pt-cv-thumb-default\" target=\"_self\" ><img width=\"300\" height=\"150\" src=\"https:\/\/faithsystem.com.br\/blog\/wp-content\/uploads\/2020\/09\/lider-300x150.jpg\" class=\"pt-cv-thumbnail\" alt=\"\" loading=\"lazy\" \/><\/a>\n<h4 class=\"pt-cv-title\"><a href=\"https:\/\/faithsystem.com.br\/blog\/incentivar-seu-time-a-vender-mais\/\" class=\"_self\" target=\"_self\" >Como incentivar seus vendedores a vender mais<\/a><\/h4>\n<div class=\"pt-cv-content\">Se voc\u00ea est\u00e1 aqui lendo esse texto, muito provavelmente \u00e9 porque a sua equipe comercial n\u00e3o est\u00e1 tendo o desempenho ...<br \/><a href=\"https:\/\/faithsystem.com.br\/blog\/incentivar-seu-time-a-vender-mais\/\" class=\"_self pt-cv-readmore btn btn-success\" target=\"_self\">Leia Mais<\/a><\/div><\/div><\/div>\n<div class=\"col-md-4 col-sm-6 col-xs-12 pt-cv-content-item pt-cv-1-col\" ><div class='pt-cv-ifield'><a href=\"https:\/\/faithsystem.com.br\/blog\/marketing-de-variedade\/\" class=\"_self pt-cv-href-thumbnail pt-cv-thumb-default\" target=\"_self\" ><img width=\"300\" height=\"150\" src=\"https:\/\/faithsystem.com.br\/blog\/wp-content\/uploads\/2020\/09\/frutas-variedade-indice-glicemico-0517-1400x800-1-300x150.jpg\" class=\"pt-cv-thumbnail\" alt=\"marketing de variedade\" loading=\"lazy\" \/><\/a>\n<h4 class=\"pt-cv-title\"><a href=\"https:\/\/faithsystem.com.br\/blog\/marketing-de-variedade\/\" class=\"_self\" target=\"_self\" >Marketing de variedade<\/a><\/h4>\n<div class=\"pt-cv-content\">Voc\u00ea j\u00e1 reparou como a gente gosta de experimentar coisas novas? Como gostamos de variedade? Ou ent\u00e3o, como mudamos os ...<br \/><a href=\"https:\/\/faithsystem.com.br\/blog\/marketing-de-variedade\/\" class=\"_self pt-cv-readmore btn btn-success\" target=\"_self\">Leia Mais<\/a><\/div><\/div><\/div>\n<div class=\"col-md-4 col-sm-6 col-xs-12 pt-cv-content-item pt-cv-1-col\" ><div class='pt-cv-ifield'><a href=\"https:\/\/faithsystem.com.br\/blog\/como-evitar-os-5-maiores-erros-que-acabam-com-a-conversao-em-vendas\/\" class=\"_self pt-cv-href-thumbnail pt-cv-thumb-default\" target=\"_self\" ><img width=\"300\" height=\"150\" src=\"https:\/\/faithsystem.com.br\/blog\/wp-content\/uploads\/2020\/09\/images.jpeg-300x150.jpg\" class=\"pt-cv-thumbnail\" alt=\"\" loading=\"lazy\" \/><\/a>\n<h4 class=\"pt-cv-title\"><a href=\"https:\/\/faithsystem.com.br\/blog\/como-evitar-os-5-maiores-erros-que-acabam-com-a-conversao-em-vendas\/\" class=\"_self\" target=\"_self\" >Como evitar os 5 maiores erros que acabam com a convers\u00e3o em vendas<\/a><\/h4>\n<div class=\"pt-cv-content\">Em um cen\u00e1rio altamente competitivo, no qual clientes s\u00e3o bombardeados com in\u00fameras ofertas e propostas tentadoras, profissionais de vendas precisam ...<br \/><a href=\"https:\/\/faithsystem.com.br\/blog\/como-evitar-os-5-maiores-erros-que-acabam-com-a-conversao-em-vendas\/\" class=\"_self pt-cv-readmore btn btn-success\" target=\"_self\">Leia Mais<\/a><\/div><\/div><\/div><\/div><\/div>\n<div class=\" pt-cv-pagination-wrapper\"><ul class=\"pt-cv-pagination pt-cv-ajax pagination\" data-totalpages=\"2\" data-currentpage=\"1\" data-sid=\"bc24a4dabd\" data-unid=\"\"><li class=\"active\"><a href=\"#\">1<\/a><\/li>\n\t<li ><a class=\"\" href=\"https:\/\/faithsystem.com.br\/blog\/wp-json\/wp\/v2\/pages\/44\/?_page=2\">2<\/a><\/li>\n\t<li ><a class=\" \" href=\"https:\/\/faithsystem.com.br\/blog\/wp-json\/wp\/v2\/pages\/44\/?_page=2\">&rsaquo;<\/a><\/li>\n\t<\/ul><img width=\"15\" height=\"15\" class=\"pt-cv-spinner\" alt=\"Carregando...;\" src=\"data:image\/gif;base64,R0lGODlhDwAPALMPAMrKygwMDJOTkz09PZWVla+vr3p6euTk5M7OzuXl5TMzMwAAAJmZmWZmZszMzP\/\/\/yH\/C05FVFNDQVBFMi4wAwEAAAAh+QQFCgAPACwAAAAADwAPAAAEQvDJaZaZOIcV8iQK8VRX4iTYoAwZ4iCYoAjZ4RxejhVNoT+mRGP4cyF4Pp0N98sBGIBMEMOotl6YZ3S61Bmbkm4mAgAh+QQFCgAPACwAAAAADQANAAAENPDJSRSZeA418itN8QiK8BiLITVsFiyBBIoYqnoewAD4xPw9iY4XLGYSjkQR4UAUD45DLwIAIfkEBQoADwAsAAAAAA8ACQAABC\/wyVlamTi3nSdgwFNdhEJgTJoNyoB9ISYoQmdjiZPcj7EYCAeCF1gEDo4Dz2eIAAAh+QQFCgAPACwCAAAADQANAAAEM\/DJBxiYeLKdX3IJZT1FU0iIg2RNKx3OkZVnZ98ToRD4MyiDnkAh6BkNC0MvsAj0kMpHBAAh+QQFCgAPACwGAAAACQAPAAAEMDC59KpFDll73HkAA2wVY5KgiK5b0RRoI6MuzG6EQqCDMlSGheEhUAgqgUUAFRySIgAh+QQFCgAPACwCAAIADQANAAAEM\/DJKZNLND\/kkKaHc3xk+QAMYDKsiaqmZCxGVjSFFCxB1vwy2oOgIDxuucxAMTAJFAJNBAAh+QQFCgAPACwAAAYADwAJAAAEMNAs86q1yaWwwv2Ig0jUZx3OYa4XoRAfwADXoAwfo1+CIjyFRuEho60aSNYlOPxEAAAh+QQFCgAPACwAAAIADQANAAAENPA9s4y8+IUVcqaWJ4qEQozSoAzoIyhCK2NFU2SJk0hNnyEOhKR2AzAAj4Pj4GE4W0bkJQIAOw==\" \/><div class=\"clear pt-cv-clear-pagination\"><\/div><\/div><\/div>\n","protected":false},"excerpt":{"rendered":"","protected":false},"author":1,"featured_media":43,"parent":0,"menu_order":0,"comment_status":"closed","ping_status":"closed","template":"template-fullwidth.php","meta":[],"_links":{"self":[{"href":"https:\/\/faithsystem.com.br\/blog\/wp-json\/wp\/v2\/pages\/44"}],"collection":[{"href":"https:\/\/faithsystem.com.br\/blog\/wp-json\/wp\/v2\/pages"}],"about":[{"href":"https:\/\/faithsystem.com.br\/blog\/wp-json\/wp\/v2\/types\/page"}],"author":[{"embeddable":true,"href":"https:\/\/faithsystem.com.br\/blog\/wp-json\/wp\/v2\/users\/1"}],"replies":[{"embeddable":true,"href":"https:\/\/faithsystem.com.br\/blog\/wp-json\/wp\/v2\/comments?post=44"}],"version-history":[{"count":2,"href":"https:\/\/faithsystem.com.br\/blog\/wp-json\/wp\/v2\/pages\/44\/revisions"}],"predecessor-version":[{"id":54,"href":"https:\/\/faithsystem.com.br\/blog\/wp-json\/wp\/v2\/pages\/44\/revisions\/54"}],"wp:featuredmedia":[{"embeddable":true,"href":"https:\/\/faithsystem.com.br\/blog\/wp-json\/wp\/v2\/media\/43"}],"wp:attachment":[{"href":"https:\/\/faithsystem.com.br\/blog\/wp-json\/wp\/v2\/media?parent=44"}],"curies":[{"name":"wp","href":"https:\/\/api.w.org\/{rel}","templated":true}]}}