{"id":62,"date":"2020-08-07T20:18:02","date_gmt":"2020-08-07T23:18:02","guid":{"rendered":"http:\/\/faithsystem.com.br\/blog\/?page_id=62"},"modified":"2020-08-07T20:21:35","modified_gmt":"2020-08-07T23:21:35","slug":"destaques","status":"publish","type":"page","link":"https:\/\/faithsystem.com.br\/blog\/destaques\/","title":{"rendered":"destaques"},"content":{"rendered":"\n<div class=\"pt-cv-wrapper\"><div class=\"pt-cv-view pt-cv-grid pt-cv-colsys\" id=\"pt-cv-view-5ff113b6oh\"><div data-id=\"pt-cv-page-1\" class=\"pt-cv-page\" data-cvc=\"3\"><div class=\"col-md-4 col-sm-6 col-xs-12 pt-cv-content-item pt-cv-1-col\" ><div class='pt-cv-ifield'><a href=\"https:\/\/faithsystem.com.br\/blog\/a-lenda-do-preco-da-lamparina\/\" class=\"_blank pt-cv-href-thumbnail pt-cv-thumb-default\" target=\"_blank\" ><img width=\"300\" height=\"150\" src=\"https:\/\/faithsystem.com.br\/blog\/wp-content\/uploads\/2020\/10\/still-life-3140191_1920-300x150.jpg\" class=\"pt-cv-thumbnail\" alt=\"lamparina\" loading=\"lazy\" \/><\/a>\n<h4 class=\"pt-cv-title\"><a href=\"https:\/\/faithsystem.com.br\/blog\/a-lenda-do-preco-da-lamparina\/\" class=\"_blank\" target=\"_blank\" >A LENDA DO PRE\u00c7O DA LAMPARINA<\/a><\/h4>\n<div class=\"pt-cv-content\">Gulan era um bem sucedido tecel\u00e3o na cidade de Harfad. L\u00e1, fornecia seus tecidos a todas as caravanas que passavam ...<br \/><a href=\"https:\/\/faithsystem.com.br\/blog\/a-lenda-do-preco-da-lamparina\/\" class=\"_blank pt-cv-readmore btn btn-success\" target=\"_blank\">Leia Mais<\/a><\/div><\/div><\/div>\n<div class=\"col-md-4 col-sm-6 col-xs-12 pt-cv-content-item pt-cv-1-col\" ><div class='pt-cv-ifield'><a href=\"https:\/\/faithsystem.com.br\/blog\/tres-erros-imperdoaveis-em-vendas\/\" class=\"_blank pt-cv-href-thumbnail pt-cv-thumb-default\" target=\"_blank\" ><img width=\"300\" height=\"150\" src=\"https:\/\/faithsystem.com.br\/blog\/wp-content\/uploads\/2020\/10\/size_960_16_9_erro3-300x150.jpg\" class=\"pt-cv-thumbnail\" alt=\"\" loading=\"lazy\" \/><\/a>\n<h4 class=\"pt-cv-title\"><a href=\"https:\/\/faithsystem.com.br\/blog\/tres-erros-imperdoaveis-em-vendas\/\" class=\"_blank\" target=\"_blank\" >Tr\u00eas erros imperdo\u00e1veis em vendas<\/a><\/h4>\n<div class=\"pt-cv-content\">Era uma vez um vendedor ordin\u00e1rio que recebeu tr\u00eas conselhos de um velho s\u00e1bio e se transformou no maior vendedor ...<br \/><a href=\"https:\/\/faithsystem.com.br\/blog\/tres-erros-imperdoaveis-em-vendas\/\" class=\"_blank pt-cv-readmore btn btn-success\" target=\"_blank\">Leia Mais<\/a><\/div><\/div><\/div>\n<div class=\"col-md-4 col-sm-6 col-xs-12 pt-cv-content-item pt-cv-1-col\" ><div class='pt-cv-ifield'><a href=\"https:\/\/faithsystem.com.br\/blog\/cinco-dicas-para-se-manter-motivado\/\" class=\"_blank pt-cv-href-thumbnail pt-cv-thumb-default\" target=\"_blank\" ><img width=\"300\" height=\"150\" src=\"https:\/\/faithsystem.com.br\/blog\/wp-content\/uploads\/2020\/10\/motivation-300x150.png\" class=\"pt-cv-thumbnail\" alt=\"motivacao\" loading=\"lazy\" \/><\/a>\n<h4 class=\"pt-cv-title\"><a href=\"https:\/\/faithsystem.com.br\/blog\/cinco-dicas-para-se-manter-motivado\/\" class=\"_blank\" target=\"_blank\" >Cinco dicas para se manter motivado<\/a><\/h4>\n<div class=\"pt-cv-content\">Quando o assunto \u00e9 vendas, a palavra MOTIVA\u00c7\u00c3O parece vir logo em seguida. A rotina desgastante de um profissional de ...<br \/><a href=\"https:\/\/faithsystem.com.br\/blog\/cinco-dicas-para-se-manter-motivado\/\" class=\"_blank pt-cv-readmore btn btn-success\" target=\"_blank\">Leia Mais<\/a><\/div><\/div><\/div><\/div><\/div><\/div>\n","protected":false},"excerpt":{"rendered":"","protected":false},"author":1,"featured_media":0,"parent":0,"menu_order":0,"comment_status":"closed","ping_status":"closed","template":"template-fullwidth.php","meta":[],"_links":{"self":[{"href":"https:\/\/faithsystem.com.br\/blog\/wp-json\/wp\/v2\/pages\/62"}],"collection":[{"href":"https:\/\/faithsystem.com.br\/blog\/wp-json\/wp\/v2\/pages"}],"about":[{"href":"https:\/\/faithsystem.com.br\/blog\/wp-json\/wp\/v2\/types\/page"}],"author":[{"embeddable":true,"href":"https:\/\/faithsystem.com.br\/blog\/wp-json\/wp\/v2\/users\/1"}],"replies":[{"embeddable":true,"href":"https:\/\/faithsystem.com.br\/blog\/wp-json\/wp\/v2\/comments?post=62"}],"version-history":[{"count":3,"href":"https:\/\/faithsystem.com.br\/blog\/wp-json\/wp\/v2\/pages\/62\/revisions"}],"predecessor-version":[{"id":66,"href":"https:\/\/faithsystem.com.br\/blog\/wp-json\/wp\/v2\/pages\/62\/revisions\/66"}],"wp:attachment":[{"href":"https:\/\/faithsystem.com.br\/blog\/wp-json\/wp\/v2\/media?parent=62"}],"curies":[{"name":"wp","href":"https:\/\/api.w.org\/{rel}","templated":true}]}}